{"id":262,"date":"2025-02-07T04:08:55","date_gmt":"2025-02-07T04:08:55","guid":{"rendered":"https:\/\/perfilmarcas.com.br\/?post_type=product&#038;p=262"},"modified":"2025-02-13T02:04:55","modified_gmt":"2025-02-13T02:04:55","slug":"intermediario","status":"publish","type":"product","link":"https:\/\/perfilmarcas.com.br\/?product=intermediario","title":{"rendered":"Intermedi\u00e1rio"},"content":{"rendered":"<figure id=\"attachment_251\" aria-describedby=\"caption-attachment-251\" style=\"width: 300px\" class=\"wp-caption alignnone\"><img fetchpriority=\"high\" decoding=\"async\" class=\"size-medium wp-image-251\" src=\"https:\/\/perfilmarcas.com.br\/wp-content\/uploads\/2025\/02\/pexels-cottonbro-6830875-300x200.jpg\" alt=\"\" width=\"300\" height=\"200\" srcset=\"https:\/\/perfilmarcas.com.br\/wp-content\/uploads\/2025\/02\/pexels-cottonbro-6830875-300x200.jpg 300w, https:\/\/perfilmarcas.com.br\/wp-content\/uploads\/2025\/02\/pexels-cottonbro-6830875-scaled-200x133.jpg 200w, https:\/\/perfilmarcas.com.br\/wp-content\/uploads\/2025\/02\/pexels-cottonbro-6830875-scaled-64x43.jpg 64w, https:\/\/perfilmarcas.com.br\/wp-content\/uploads\/2025\/02\/pexels-cottonbro-6830875-1024x683.jpg 1024w, https:\/\/perfilmarcas.com.br\/wp-content\/uploads\/2025\/02\/pexels-cottonbro-6830875-768x512.jpg 768w, https:\/\/perfilmarcas.com.br\/wp-content\/uploads\/2025\/02\/pexels-cottonbro-6830875-1536x1024.jpg 1536w, https:\/\/perfilmarcas.com.br\/wp-content\/uploads\/2025\/02\/pexels-cottonbro-6830875-2048x1365.jpg 2048w\" sizes=\"(max-width: 300px) 100vw, 300px\" \/><figcaption id=\"caption-attachment-251\" class=\"wp-caption-text\">Intermedi\u00e1rio<\/figcaption><\/figure>\n<p>Sua Marca mais protegida!<\/p>\n<p>Assessoria para registro de marca que inclui desde o pedido de registro at\u00e9 a an\u00e1lise do INPI (decis\u00e3o final sobre a possibilidade de registro). Caso a marca seja aceita, realizamos a concess\u00e3o do registro sem custo adicional para voc\u00ea.<\/p>\n<p>Est\u00e1 inclu\u00edda a vigil\u00e2ncia de marcas semelhantes \u00e0 sua. Ou seja, se uma marca igual ou parecida tentar o registro, nosso software identifica e informamos voc\u00ea.<\/p>\n","protected":false},"excerpt":{"rendered":"<p class=\"cvGsUA direction-ltr align-center para-style-body\"><span class=\"OYPEnA font-feature-liga-off font-feature-clig-off font-feature-calt-off text-decoration-none text-strikethrough-none\">1 Pedido de Registro de Marca<\/span><\/p>\n<p class=\"cvGsUA direction-ltr align-center para-style-body\"><span class=\"OYPEnA font-feature-liga-off font-feature-clig-off font-feature-calt-off text-decoration-none text-strikethrough-none\">Acompanhamento at\u00e9 an\u00e1lise do INPI<\/span><\/p>\n<p class=\"cvGsUA direction-ltr align-center para-style-body\"><span class=\"OYPEnA font-feature-liga-off font-feature-clig-off font-feature-calt-off text-decoration-none text-strikethrough-none\">Vigil\u00e2ncia at\u00e9 an\u00e1lise do INPI<\/span><\/p>\n<p class=\"cvGsUA direction-ltr align-center para-style-body\"><span class=\"OYPEnA font-feature-liga-off font-feature-clig-off font-feature-calt-off text-decoration-none text-strikethrough-none\">Concess\u00e3o da Marca (gratuito)<\/span><\/p>\n","protected":false},"featured_media":251,"template":"","meta":[],"product_brand":[],"product_cat":[22],"product_tag":[],"class_list":{"0":"post-262","1":"product","2":"type-product","3":"status-publish","4":"has-post-thumbnail","6":"product_cat-registro-de-marca","8":"first","9":"instock","10":"sale","11":"taxable","12":"shipping-taxable","13":"purchasable","14":"product-type-simple"},"_links":{"self":[{"href":"https:\/\/perfilmarcas.com.br\/index.php?rest_route=\/wp\/v2\/product\/262","targetHints":{"allow":["GET"]}}],"collection":[{"href":"https:\/\/perfilmarcas.com.br\/index.php?rest_route=\/wp\/v2\/product"}],"about":[{"href":"https:\/\/perfilmarcas.com.br\/index.php?rest_route=\/wp\/v2\/types\/product"}],"version-history":[{"count":2,"href":"https:\/\/perfilmarcas.com.br\/index.php?rest_route=\/wp\/v2\/product\/262\/revisions"}],"predecessor-version":[{"id":802,"href":"https:\/\/perfilmarcas.com.br\/index.php?rest_route=\/wp\/v2\/product\/262\/revisions\/802"}],"wp:featuredmedia":[{"embeddable":true,"href":"https:\/\/perfilmarcas.com.br\/index.php?rest_route=\/wp\/v2\/media\/251"}],"wp:attachment":[{"href":"https:\/\/perfilmarcas.com.br\/index.php?rest_route=%2Fwp%2Fv2%2Fmedia&parent=262"}],"wp:term":[{"taxonomy":"product_brand","embeddable":true,"href":"https:\/\/perfilmarcas.com.br\/index.php?rest_route=%2Fwp%2Fv2%2Fproduct_brand&post=262"},{"taxonomy":"product_cat","embeddable":true,"href":"https:\/\/perfilmarcas.com.br\/index.php?rest_route=%2Fwp%2Fv2%2Fproduct_cat&post=262"},{"taxonomy":"product_tag","embeddable":true,"href":"https:\/\/perfilmarcas.com.br\/index.php?rest_route=%2Fwp%2Fv2%2Fproduct_tag&post=262"}],"curies":[{"name":"wp","href":"https:\/\/api.w.org\/{rel}","templated":true}]}}