{"id":1360,"date":"2025-02-19T12:43:20","date_gmt":"2025-02-19T12:43:20","guid":{"rendered":"https:\/\/perfilmarcas.com.br\/?post_type=product&#038;p=1360"},"modified":"2025-02-19T16:31:10","modified_gmt":"2025-02-19T16:31:10","slug":"oposicao","status":"publish","type":"product","link":"https:\/\/perfilmarcas.com.br\/?product=oposicao","title":{"rendered":"Oposi\u00e7\u00e3o"},"content":{"rendered":"<h2>N\u00e3o deixe de se opor ao registro de marcas similares a sua que possam levar seus consumidores a erro. Este ato evita a dilui\u00e7\u00e3o da sua marca com outras marcas no mercado.<\/h2>\n","protected":false},"excerpt":{"rendered":"<p>N\u00e3o deixe de se opor ao registro de marcas similares a sua que possam levar seus consumidores a erro. Este ato evita a dilui\u00e7\u00e3o da sua marca com outras marcas no mercado.<\/p>\n","protected":false},"featured_media":1371,"template":"","meta":[],"product_brand":[],"product_cat":[21],"product_tag":[],"class_list":{"0":"post-1360","1":"product","2":"type-product","3":"status-publish","4":"has-post-thumbnail","6":"product_cat-perfil-marcas","8":"first","9":"instock","10":"sale","11":"taxable","12":"shipping-taxable","13":"purchasable","14":"product-type-simple"},"_links":{"self":[{"href":"https:\/\/perfilmarcas.com.br\/index.php?rest_route=\/wp\/v2\/product\/1360","targetHints":{"allow":["GET"]}}],"collection":[{"href":"https:\/\/perfilmarcas.com.br\/index.php?rest_route=\/wp\/v2\/product"}],"about":[{"href":"https:\/\/perfilmarcas.com.br\/index.php?rest_route=\/wp\/v2\/types\/product"}],"version-history":[{"count":1,"href":"https:\/\/perfilmarcas.com.br\/index.php?rest_route=\/wp\/v2\/product\/1360\/revisions"}],"predecessor-version":[{"id":1362,"href":"https:\/\/perfilmarcas.com.br\/index.php?rest_route=\/wp\/v2\/product\/1360\/revisions\/1362"}],"wp:featuredmedia":[{"embeddable":true,"href":"https:\/\/perfilmarcas.com.br\/index.php?rest_route=\/wp\/v2\/media\/1371"}],"wp:attachment":[{"href":"https:\/\/perfilmarcas.com.br\/index.php?rest_route=%2Fwp%2Fv2%2Fmedia&parent=1360"}],"wp:term":[{"taxonomy":"product_brand","embeddable":true,"href":"https:\/\/perfilmarcas.com.br\/index.php?rest_route=%2Fwp%2Fv2%2Fproduct_brand&post=1360"},{"taxonomy":"product_cat","embeddable":true,"href":"https:\/\/perfilmarcas.com.br\/index.php?rest_route=%2Fwp%2Fv2%2Fproduct_cat&post=1360"},{"taxonomy":"product_tag","embeddable":true,"href":"https:\/\/perfilmarcas.com.br\/index.php?rest_route=%2Fwp%2Fv2%2Fproduct_tag&post=1360"}],"curies":[{"name":"wp","href":"https:\/\/api.w.org\/{rel}","templated":true}]}}