{"id":1339,"date":"2025-02-19T11:15:12","date_gmt":"2025-02-19T11:15:12","guid":{"rendered":"https:\/\/perfilmarcas.com.br\/?post_type=product&#038;p=1339"},"modified":"2025-02-20T17:22:41","modified_gmt":"2025-02-20T17:22:41","slug":"servicos-internacionais","status":"publish","type":"product","link":"https:\/\/perfilmarcas.com.br\/?product=servicos-internacionais","title":{"rendered":"Servi\u00e7os internacionais"},"content":{"rendered":"<p>FALE COM UM ESPECIALISTA PARA MAIS DETALHES.<\/p>\n<p>&nbsp;<\/p>\n<h3 class=\"elementor-icon-box-title\">Estudos de viabilidade<\/h3>\n<p class=\"elementor-icon-box-description\">Descubra se \u00e9 poss\u00edvel registrar sua marca nos pa\u00edses de seu interesse. Conte com nossa equipe de especialistas e nossa extensa rede global de profissionais.<\/p>\n<h3 class=\"elementor-icon-box-title\">Pedidos de registro de marcas<\/h3>\n<p class=\"elementor-icon-box-description\">Proteja suas marcas com a seguran\u00e7a de especialistas experientes em registro de marca global.<\/p>\n<h3 class=\"elementor-icon-box-title\">Acompanhamento dos processos<\/h3>\n<p class=\"elementor-icon-box-description\">Seja pelo Sistema de Madri ou Pa\u00eds a Pa\u00eds, conte com nossos softwares e profissionais para acompanhar os processos de registro de marca.<\/p>\n<h3 class=\"elementor-icon-box-title\">Resolu\u00e7\u00e3o de conflitos<\/h3>\n<p class=\"elementor-icon-box-description\">A\u00e7\u00f5es oficias, oposi\u00e7\u00f5es e manifesta\u00e7\u00f5es podem ser atos necess\u00e1rios ou recomendados. Nossos especialistas assessoram voc\u00ea em todas as etapas.<\/p>\n","protected":false},"excerpt":{"rendered":"<p>FALE COM UM ESPECIALISTA PARA MAIS DETALHES. &nbsp; Estudos de viabilidade Descubra se \u00e9 poss\u00edvel registrar sua marca nos pa\u00edses de seu interesse. Conte com nossa equipe de especialistas e nossa extensa rede global de profissionais. Pedidos de registro de marcas Proteja suas marcas com a seguran\u00e7a de especialistas experientes em registro de marca global. [&hellip;]<\/p>\n","protected":false},"featured_media":1366,"template":"","meta":[],"product_brand":[],"product_cat":[21],"product_tag":[],"class_list":{"0":"post-1339","1":"product","2":"type-product","3":"status-publish","4":"has-post-thumbnail","6":"product_cat-perfil-marcas","8":"first","9":"instock","10":"taxable","11":"shipping-taxable","12":"product-type-external"},"_links":{"self":[{"href":"https:\/\/perfilmarcas.com.br\/index.php?rest_route=\/wp\/v2\/product\/1339","targetHints":{"allow":["GET"]}}],"collection":[{"href":"https:\/\/perfilmarcas.com.br\/index.php?rest_route=\/wp\/v2\/product"}],"about":[{"href":"https:\/\/perfilmarcas.com.br\/index.php?rest_route=\/wp\/v2\/types\/product"}],"version-history":[{"count":4,"href":"https:\/\/perfilmarcas.com.br\/index.php?rest_route=\/wp\/v2\/product\/1339\/revisions"}],"predecessor-version":[{"id":1361,"href":"https:\/\/perfilmarcas.com.br\/index.php?rest_route=\/wp\/v2\/product\/1339\/revisions\/1361"}],"wp:featuredmedia":[{"embeddable":true,"href":"https:\/\/perfilmarcas.com.br\/index.php?rest_route=\/wp\/v2\/media\/1366"}],"wp:attachment":[{"href":"https:\/\/perfilmarcas.com.br\/index.php?rest_route=%2Fwp%2Fv2%2Fmedia&parent=1339"}],"wp:term":[{"taxonomy":"product_brand","embeddable":true,"href":"https:\/\/perfilmarcas.com.br\/index.php?rest_route=%2Fwp%2Fv2%2Fproduct_brand&post=1339"},{"taxonomy":"product_cat","embeddable":true,"href":"https:\/\/perfilmarcas.com.br\/index.php?rest_route=%2Fwp%2Fv2%2Fproduct_cat&post=1339"},{"taxonomy":"product_tag","embeddable":true,"href":"https:\/\/perfilmarcas.com.br\/index.php?rest_route=%2Fwp%2Fv2%2Fproduct_tag&post=1339"}],"curies":[{"name":"wp","href":"https:\/\/api.w.org\/{rel}","templated":true}]}}