{"id":1330,"date":"2025-02-19T01:34:54","date_gmt":"2025-02-19T01:34:54","guid":{"rendered":"https:\/\/perfilmarcas.com.br\/?post_type=product&#038;p=1330"},"modified":"2025-02-20T17:22:58","modified_gmt":"2025-02-20T17:22:58","slug":"disputas-de-marca","status":"publish","type":"product","link":"https:\/\/perfilmarcas.com.br\/?product=disputas-de-marca","title":{"rendered":"Disputas de Marca"},"content":{"rendered":"<h1>FALE COM UM ESPECIALISTA PARA MAIS DETALHES.<\/h1>\n<p>Conte com estudos customizados e planeje estrategicamente os pr\u00f3ximos passos com seguran\u00e7a.<\/p>\n<p>Atuamos para defender os seus direitos marc\u00e1rios.<\/p>\n","protected":false},"excerpt":{"rendered":"<p>FALE COM UM ESPECIALISTA PARA MAIS DETALHES. Conte com estudos customizados e planeje estrategicamente os pr\u00f3ximos passos com seguran\u00e7a. Atuamos para defender os seus direitos marc\u00e1rios.<\/p>\n","protected":false},"featured_media":1370,"template":"","meta":[],"product_brand":[],"product_cat":[21,28],"product_tag":[],"class_list":{"0":"post-1330","1":"product","2":"type-product","3":"status-publish","4":"has-post-thumbnail","6":"product_cat-perfil-marcas","7":"product_cat-disputa-de-marca","9":"first","10":"instock","11":"taxable","12":"shipping-taxable","13":"product-type-external"},"_links":{"self":[{"href":"https:\/\/perfilmarcas.com.br\/index.php?rest_route=\/wp\/v2\/product\/1330","targetHints":{"allow":["GET"]}}],"collection":[{"href":"https:\/\/perfilmarcas.com.br\/index.php?rest_route=\/wp\/v2\/product"}],"about":[{"href":"https:\/\/perfilmarcas.com.br\/index.php?rest_route=\/wp\/v2\/types\/product"}],"version-history":[{"count":2,"href":"https:\/\/perfilmarcas.com.br\/index.php?rest_route=\/wp\/v2\/product\/1330\/revisions"}],"predecessor-version":[{"id":1351,"href":"https:\/\/perfilmarcas.com.br\/index.php?rest_route=\/wp\/v2\/product\/1330\/revisions\/1351"}],"wp:featuredmedia":[{"embeddable":true,"href":"https:\/\/perfilmarcas.com.br\/index.php?rest_route=\/wp\/v2\/media\/1370"}],"wp:attachment":[{"href":"https:\/\/perfilmarcas.com.br\/index.php?rest_route=%2Fwp%2Fv2%2Fmedia&parent=1330"}],"wp:term":[{"taxonomy":"product_brand","embeddable":true,"href":"https:\/\/perfilmarcas.com.br\/index.php?rest_route=%2Fwp%2Fv2%2Fproduct_brand&post=1330"},{"taxonomy":"product_cat","embeddable":true,"href":"https:\/\/perfilmarcas.com.br\/index.php?rest_route=%2Fwp%2Fv2%2Fproduct_cat&post=1330"},{"taxonomy":"product_tag","embeddable":true,"href":"https:\/\/perfilmarcas.com.br\/index.php?rest_route=%2Fwp%2Fv2%2Fproduct_tag&post=1330"}],"curies":[{"name":"wp","href":"https:\/\/api.w.org\/{rel}","templated":true}]}}