{"id":1327,"date":"2025-02-19T01:29:47","date_gmt":"2025-02-19T01:29:47","guid":{"rendered":"https:\/\/perfilmarcas.com.br\/?post_type=product&#038;p=1327"},"modified":"2025-02-20T17:01:43","modified_gmt":"2025-02-20T17:01:43","slug":"vigilancia-de-marcas-parecidas","status":"publish","type":"product","link":"https:\/\/perfilmarcas.com.br\/?product=vigilancia-de-marcas-parecidas","title":{"rendered":"Vigil\u00e2ncia de Marcas Parecidas"},"content":{"rendered":"<p>Atrav\u00e9s deste servi\u00e7o acompanhamos o seu processo de registro de marca no\u00a0<a href=\"http:\/\/www.inpi.gov.br\/\" target=\"_blank\" rel=\"noopener noreferrer\">INPI<\/a>\u00a0de forma ativa. Isso faz com que voc\u00ea n\u00e3o perca prazos e possa se opor, caso seja pedida marca igual ou similar \u00e0 sua.<\/p>\n<p>Al\u00e9m de lhe dar seguran\u00e7a com rela\u00e7\u00e3o ao seu processo, este servi\u00e7o evita a dilui\u00e7\u00e3o da sua marca.<\/p>\n<p>\u2013<\/p>\n<p>O valor do servi\u00e7o \u00e9 relativo a\u00a0<strong>um ano<\/strong> de acompanhamento para cada marca (uma forma de apresenta\u00e7\u00e3o em uma classe). Caso \u00a0queira contratar por mais anos ou para mais marcas, \u00e9 necess\u00e1ria a contrata\u00e7\u00e3o do servi\u00e7o correspondente a cada marca adicional.<\/p>\n","protected":false},"excerpt":{"rendered":"<div class=\"elementor-element elementor-element-27943b4 elementor-widget elementor-widget-spacer\" data-id=\"27943b4\" data-element_type=\"widget\" data-widget_type=\"spacer.default\">\n<div class=\"elementor-widget-container\">\n<div class=\"elementor-spacer\">\n<p class=\"elementor-spacer-inner\">Evite a dilui\u00e7\u00e3o da sua marca<\/p>\n<\/div>\n<\/div>\n<\/div>\n","protected":false},"featured_media":1369,"template":"","meta":[],"product_brand":[],"product_cat":[29],"product_tag":[],"class_list":{"0":"post-1327","1":"product","2":"type-product","3":"status-publish","4":"has-post-thumbnail","6":"product_cat-vigilancia-de-marcas-parecidas","8":"first","9":"instock","10":"sale","11":"taxable","12":"shipping-taxable","13":"purchasable","14":"product-type-simple"},"_links":{"self":[{"href":"https:\/\/perfilmarcas.com.br\/index.php?rest_route=\/wp\/v2\/product\/1327","targetHints":{"allow":["GET"]}}],"collection":[{"href":"https:\/\/perfilmarcas.com.br\/index.php?rest_route=\/wp\/v2\/product"}],"about":[{"href":"https:\/\/perfilmarcas.com.br\/index.php?rest_route=\/wp\/v2\/types\/product"}],"version-history":[{"count":1,"href":"https:\/\/perfilmarcas.com.br\/index.php?rest_route=\/wp\/v2\/product\/1327\/revisions"}],"predecessor-version":[{"id":1328,"href":"https:\/\/perfilmarcas.com.br\/index.php?rest_route=\/wp\/v2\/product\/1327\/revisions\/1328"}],"wp:featuredmedia":[{"embeddable":true,"href":"https:\/\/perfilmarcas.com.br\/index.php?rest_route=\/wp\/v2\/media\/1369"}],"wp:attachment":[{"href":"https:\/\/perfilmarcas.com.br\/index.php?rest_route=%2Fwp%2Fv2%2Fmedia&parent=1327"}],"wp:term":[{"taxonomy":"product_brand","embeddable":true,"href":"https:\/\/perfilmarcas.com.br\/index.php?rest_route=%2Fwp%2Fv2%2Fproduct_brand&post=1327"},{"taxonomy":"product_cat","embeddable":true,"href":"https:\/\/perfilmarcas.com.br\/index.php?rest_route=%2Fwp%2Fv2%2Fproduct_cat&post=1327"},{"taxonomy":"product_tag","embeddable":true,"href":"https:\/\/perfilmarcas.com.br\/index.php?rest_route=%2Fwp%2Fv2%2Fproduct_tag&post=1327"}],"curies":[{"name":"wp","href":"https:\/\/api.w.org\/{rel}","templated":true}]}}